{"id":485,"date":"2022-03-31T14:31:30","date_gmt":"2022-03-31T14:31:30","guid":{"rendered":"https:\/\/www.foerderverein-freibad-hollfeld.de\/?page_id=485"},"modified":"2022-05-05T11:06:23","modified_gmt":"2022-05-05T11:06:23","slug":"kaffee-und-kuchen-im-freibad","status":"publish","type":"page","link":"https:\/\/www.foerderverein-freibad-hollfeld.de\/?page_id=485","title":{"rendered":"Kaffee und Kuchen im Freibad"},"content":{"rendered":"\n<p>Liebe Besucher,<\/p>\n\n\n\n<p>wir freuen uns Ihnen, in Zusammenarbeit mit einigen Hollfelder Vereinen, die Wartezeit bis zur \u00d6ffnung des Freibads verk\u00fcrzen und die Sonntage vers\u00fc\u00dfen zu d\u00fcrfen.<\/p>\n\n\n\n<p>Machen Sie es sich doch einfach auf unserer Freibadterrasse bequem und entspannen Sie bei einer Tasse Kaffee und einem St\u00fcck Kuchen. Sollte das Wetter einmal nicht mitspielen, nehmen Sie sich doch einfach ein St\u00fcck mit nach Hause.<\/p>\n\n\n\n<p>An folgenden Tagen freuen sich die Hollfelder Vereine zwischen 14:00 und 17:00 Uhr auf Ihr Kommen:<\/p>\n\n\n\n<figure class=\"wp-block-table is-style-stripes\"><table><tbody><tr><td class=\"has-text-align-right\" data-align=\"right\">16. April 2022  <\/td><td><\/td><td>F\u00f6rderverein Freibad Hollfeld e.V.<\/td><\/tr><tr><td class=\"has-text-align-right\" data-align=\"right\">17. April 2022 <\/td><td><\/td><td>F\u00f6rderverein Freibad Hollfeld e.V.<\/td><\/tr><tr><td class=\"has-text-align-right\" data-align=\"right\"><\/td><td><\/td><td><\/td><\/tr><tr><td class=\"has-text-align-right\" data-align=\"right\">24. April 2022<\/td><td><\/td><td>TC Hollfeld 97<\/td><\/tr><tr><td class=\"has-text-align-right\" data-align=\"right\">15. Mai 2022<\/td><td><\/td><td>Feuerwehr Hollfeld <\/td><\/tr><tr><td class=\"has-text-align-right\" data-align=\"right\">22. Mai 2022<\/td><td><\/td><td>ASV Hollfeld<\/td><\/tr><\/tbody><\/table><\/figure>\n\n\n\n<p>Schauen Sie gerne mal wieder vorbei. Weitere Termine werden wir hier ver\u00f6ffentlichen.<\/p>\n","protected":false},"excerpt":{"rendered":"<p>Liebe Besucher, wir freuen uns Ihnen, in Zusammenarbeit mit einigen Hollfelder Vereinen, die Wartezeit bis zur \u00d6ffnung des Freibads verk\u00fcrzen und die Sonntage vers\u00fc\u00dfen zu d\u00fcrfen. Machen Sie es sich doch einfach auf unserer Freibadterrasse bequem und entspannen Sie bei einer Tasse Kaffee und einem St\u00fcck Kuchen. Sollte das Wetter einmal nicht mitspielen, nehmen Sie [&hellip;]<\/p>\n","protected":false},"author":1,"featured_media":0,"parent":0,"menu_order":0,"comment_status":"closed","ping_status":"closed","template":"","meta":{"footnotes":""},"class_list":["post-485","page","type-page","status-publish","hentry"],"_links":{"self":[{"href":"https:\/\/www.foerderverein-freibad-hollfeld.de\/index.php?rest_route=\/wp\/v2\/pages\/485","targetHints":{"allow":["GET"]}}],"collection":[{"href":"https:\/\/www.foerderverein-freibad-hollfeld.de\/index.php?rest_route=\/wp\/v2\/pages"}],"about":[{"href":"https:\/\/www.foerderverein-freibad-hollfeld.de\/index.php?rest_route=\/wp\/v2\/types\/page"}],"author":[{"embeddable":true,"href":"https:\/\/www.foerderverein-freibad-hollfeld.de\/index.php?rest_route=\/wp\/v2\/users\/1"}],"replies":[{"embeddable":true,"href":"https:\/\/www.foerderverein-freibad-hollfeld.de\/index.php?rest_route=%2Fwp%2Fv2%2Fcomments&post=485"}],"version-history":[{"count":3,"href":"https:\/\/www.foerderverein-freibad-hollfeld.de\/index.php?rest_route=\/wp\/v2\/pages\/485\/revisions"}],"predecessor-version":[{"id":601,"href":"https:\/\/www.foerderverein-freibad-hollfeld.de\/index.php?rest_route=\/wp\/v2\/pages\/485\/revisions\/601"}],"wp:attachment":[{"href":"https:\/\/www.foerderverein-freibad-hollfeld.de\/index.php?rest_route=%2Fwp%2Fv2%2Fmedia&parent=485"}],"curies":[{"name":"wp","href":"https:\/\/api.w.org\/{rel}","templated":true}]}}