{"id":43,"date":"2015-09-11T20:17:53","date_gmt":"2015-09-11T20:17:53","guid":{"rendered":"http:\/\/localhost\/wordpress\/?page_id=43"},"modified":"2024-09-14T17:10:37","modified_gmt":"2024-09-14T17:10:37","slug":"startseite","status":"publish","type":"page","link":"https:\/\/www.foerderverein-freibad-hollfeld.de\/","title":{"rendered":"F\u00f6rderverein Freibad Hollfeld"},"content":{"rendered":"<p><!-- Weinabend --><br \/>\n<!--\n\n<div style=\"position: relative;\">\n\n\n<div style=\"border: 1px solid black; background: rgba(70,186,244,0.8); color: black; padding: 10px 0; transform: rotate(10deg)\">\n\n\n<h2 style=\"text-align: center; font-weight: bolder; color: #fff;\">Vereinsausflug nach Bad Kissingen<\/h2>\n\n\n\n\n<p style=\"text-align: center; color: #555;\">Am 14. September 2024 findet unser Vereinsausflug f\u00fcr <strong>Mitglieder und Nichtmitglieder<\/strong>statt nach Bad Kissingen statt . Die Pl\u00e4tze sind begrenzt - schnell sein lohnt sich.\n<a style=\"color: #fff;\" href=\"https:\/\/www.foerderverein-freibad-hollfeld.de\/wp-content\/uploads\/2024\/08\/2024_Ausschreibung.pdf\" target=\"blank\" rel=\"noopener\">Weitere Informationen<\/a><\/p>\n\n\n\n<\/div>\n\n\n<\/div>\n\n--><br \/>\n<!--\n\n\n<div style=\"border: 1px solid black; background: rgba(70,186,244,0.8); color: black;\">\n\n\n<h2 style=\"text-align: center; font-weight: bolder; color: #fff;\">3. Weinabend im Freibad<\/h2>\n\n\n\n\n<p style=\"text-align: center; color: #555;\">Am 06. August 2022 findet ab 18:00 Uhr unser 3. Weinabend im Freibad statt. Wir freuen uns auf Euren Besuch\n<a style=\"color: #fff;\" href=\"https:\/\/www.foerderverein-freibad-hollfeld.de\/wp-content\/uploads\/2022\/08\/Weinsabend_2022.jpeg\" target=\"blank\" rel=\"noopener\">Weitere Informationen<\/a><\/p>\n\n\n\n<\/div>\n\n\n--><\/p>\n<p><!--\n\n\n<div style=\"border: 1px solid black; background: rgba(70,186,244,0.8); color: black;\">\n\n\n<h2 style=\"text-align: center; font-weight: bolder; color: #fff;\">Vereinsausflug nach Karlsbad<\/h2>\n\n\n\n\n<p style=\"text-align: center; color: #555;\">Am 02. Oktober 2022 findet zweiter Vereinsausflug f\u00fcr <strong>Mitglieder und Nichtmitglieder<\/strong>statt. Dieses mal erkunden wir das wundervolle Karlsbad. Die Pl\u00e4tze sind begrenzt - schnell sein lohnt sich.\n<a style=\"color: #fff;\" href=\"https:\/\/www.foerderverein-freibad-hollfeld.de\/wp-content\/uploads\/2022\/08\/Foerderverein_Freibad_Hollfeld_Vereinsausflug_2022.pdf\" target=\"blank\" rel=\"noopener\">Weitere Informationen<\/a><\/p>\n\n\n\n<\/div>\n\n\n\n\n<div style=\"border: 1px solid black; background: rgba(70,186,244,0.8); color: black;\">\n\n\n<h2 style=\"text-align: center; font-weight: bolder; color: #fff;\">Jahreshauptversammlung am 21.01.2022<\/h2>\n\n\n\n\n<p style=\"text-align: center; color: #555;\">Am 21.01.2022 findet die Jahreshauptversammlung um 19:00 Uhr in der Gastst\u00e4tte zum Gerber statt. <a style=\"color: #fff;\" href=\"https:\/\/www.foerderverein-freibad-hollfeld.de\/?page_id=17\">Aktuelles<\/a><\/p>\n\n\n\n<\/div>\n\n\n--><\/p>\n<h2 style=\"text-align: center;\">Wir sagen <span style=\"text-decoration: underline;\"><strong>DANKE!<\/strong><\/span><\/h2>\n<p>Wir haben f\u00fcr die Zukunft noch viele Ideen, die es umzusetzen gilt. Ohne die Hilfsbereitschaft der Mitglieder und Spenden aus der Bev\u00f6lkerung w\u00e4ren unsere Ideen nicht realisierbar.<\/p>\n<p style=\"text-align: center;\"><strong>Daher sind wir \u00fcber jede Spende, in jeder H\u00f6he sehr dankbar.<\/strong><\/p>\n<div style=\"display: flex; align-items: center;\">\n<p><img loading=\"lazy\" decoding=\"async\" class=\"wp-image-132 alignleft\" src=\"https:\/\/www.foerderverein-freibad-hollfeld.de\/wp-content\/uploads\/2019\/05\/Vorstandschaft_2019_F\u00f6rderverein-Freibad-Hollfeld_HP.jpg\" alt=\"vorstand\" width=\"283\" height=\"169\" \/><\/p>\n<div>\n<p>Nachfolgend unser Spendenkonto:<\/p>\n<address style=\"padding-left: 0px; margin-right: -30px;\">Kontoinhaber: F\u00f6rderverein Freibad Hollfeld e.V.<br \/>\nKontonummer: 10232292<br \/>\nBankleitzahl: 77365792<br \/>\nInsititut: Raiffeisenbank Fr\u00e4nkische Schweiz eG<br \/>\nIBAN: DE46 7736 5792 0001 0232 92<br \/>\nBIC: GENODEF1HWA<\/address>\n<\/div>\n<\/div>\n<p style=\"text-align: center;\">Als gemeinn\u00fctziger Verein sind wir zur Ausstellung von Spendenquittungen berechtigt.<\/p>\n<hr style=\"border-width: 3px;\" \/>\n","protected":false},"excerpt":{"rendered":"<p>Wir sagen DANKE! Wir haben f\u00fcr die Zukunft noch viele Ideen, die es umzusetzen gilt. Ohne die Hilfsbereitschaft der Mitglieder und Spenden aus der Bev\u00f6lkerung w\u00e4ren unsere Ideen nicht realisierbar. Daher sind wir \u00fcber jede Spende, in jeder H\u00f6he sehr dankbar. Nachfolgend unser Spendenkonto: Kontoinhaber: F\u00f6rderverein Freibad Hollfeld e.V. Kontonummer: 10232292 Bankleitzahl: 77365792 Insititut: Raiffeisenbank [&hellip;]<\/p>\n","protected":false},"author":1,"featured_media":0,"parent":0,"menu_order":0,"comment_status":"closed","ping_status":"closed","template":"","meta":{"footnotes":""},"class_list":["post-43","page","type-page","status-publish","hentry"],"_links":{"self":[{"href":"https:\/\/www.foerderverein-freibad-hollfeld.de\/index.php?rest_route=\/wp\/v2\/pages\/43","targetHints":{"allow":["GET"]}}],"collection":[{"href":"https:\/\/www.foerderverein-freibad-hollfeld.de\/index.php?rest_route=\/wp\/v2\/pages"}],"about":[{"href":"https:\/\/www.foerderverein-freibad-hollfeld.de\/index.php?rest_route=\/wp\/v2\/types\/page"}],"author":[{"embeddable":true,"href":"https:\/\/www.foerderverein-freibad-hollfeld.de\/index.php?rest_route=\/wp\/v2\/users\/1"}],"replies":[{"embeddable":true,"href":"https:\/\/www.foerderverein-freibad-hollfeld.de\/index.php?rest_route=%2Fwp%2Fv2%2Fcomments&post=43"}],"version-history":[{"count":55,"href":"https:\/\/www.foerderverein-freibad-hollfeld.de\/index.php?rest_route=\/wp\/v2\/pages\/43\/revisions"}],"predecessor-version":[{"id":582,"href":"https:\/\/www.foerderverein-freibad-hollfeld.de\/index.php?rest_route=\/wp\/v2\/pages\/43\/revisions\/582"}],"wp:attachment":[{"href":"https:\/\/www.foerderverein-freibad-hollfeld.de\/index.php?rest_route=%2Fwp%2Fv2%2Fmedia&parent=43"}],"curies":[{"name":"wp","href":"https:\/\/api.w.org\/{rel}","templated":true}]}}