{"id":340,"date":"2019-07-12T11:17:26","date_gmt":"2019-07-12T11:17:26","guid":{"rendered":"https:\/\/www.foerderverein-freibad-hollfeld.de\/?page_id=340"},"modified":"2022-01-04T14:46:14","modified_gmt":"2022-01-04T14:46:14","slug":"archiv-aktuelles-termine","status":"publish","type":"page","link":"https:\/\/www.foerderverein-freibad-hollfeld.de\/?page_id=340","title":{"rendered":"Archiv &#8211; Aktuelles \/ Termine"},"content":{"rendered":"\n<ul style=\"list-style-type: none;\">\n\n\t<li>\n\t\t<h1 style=\"text-align: center;\">2019<\/h1> \n\t<\/li>\n<li>\n\t<h2>\n\t\t<u><strong>Neue Sponsoren-Mitglieder<\/strong><\/u>\n\t<\/h2>\n\t\t\t<div>Wir freuen uns die <strong>Stadtwerke Hollfeld<\/strong> und die <strong>Raiffeisenbank Fr\u00e4nkische Schweiz eG<\/strong> als Sponsoren-Mitglieder f\u00fcr uns gewonnen zu haben.<br>Vielen Dank!<\/div>\n<\/li>\n\t<li>\n\t\t<h2><u><strong>14. September 2019:<\/strong> 1. Vereinsausflug<\/u><\/h2>\n\t\t<div>Am Samstag, den 14.09. findet unser 1. Vereinsausflug f\u00fcr Mitglieder und Nichtmitglieder statt. Ziel ist das \u201eFr\u00e4nkische Seenland\u201c Bitte werben Sie f\u00fcr unsere Tagesfahrt bei Freunde und Bekannte. <strong>Danke!<\/strong> <br> <br> \n\t\t\t<p><u><strong>Programm:<\/strong><\/u><br>\n\t\t\tAbfahrt um 8 Uhr am Spitalplatz in Hollfeld durch die \u201eFr\u00e4nkische\u201c nach Spalt, Gunzenhausen und zum Altm\u00fchlsee mit Vogelinsel. Mittagessen,<br> Schiffsfahrt oder Baden im See, Kaffeetrinken am See, Abendessen, Ankunft in Hollfeld gegen 20 Uhr.<br>Info: <a href=\"www.gunzenhausen.info\/altmuehlsee\/\">www.gunzenhausen.info\/altmuehlsee\/<\/a><br>\n\t\t\tDie Fahrt findet bei jedem Wetter statt! \u00c4nderungen vorbehalten!<br><br> \n\t\t\t<\/p>\n\t\t\t<p><u><strong>Fahrtkosten:<\/strong><\/u><br>\n\t\t\tBusfahrt f\u00fcr Mitglieder 13 \u20ac,<br>Kinder\/Jugendliche bis 17 Jahre 9 \u20ac,<br>\n\t\t\tNichtmitglieder 17 \u20ac,<br>\n\t\t\tKinder\/Jugendliche bis 17 Jahre 12 \u20ac\n\t\t\t<br> <br>\n\t\t\tDie Fahrtkosten werden im Bus eingesammelt!\n\t\t\t<\/p><br>\n\t\t\t<p>Anmeldung bei Robert Sebald, 1. Vorsitzender und Organisator, <br>\n\t\t\tMobil: 0162-417 395 7 oder Tel.: 09274-77 49 120<br>\n\t\t\toder per E-Mail an <a href=\"vorstand@foerderverein-freibad-hollfeld.de\">vorstand@foerderverein-freibad-hollfeld.de<\/a>, <br><br>\n\t\t\tMindestteilnehmerzahl: 34 \u2013 Anmeldeschluss: Mi. 04.09.2019. <br><br>\n\t\t\tWir freuen uns auf Ihre Teilnahme!\n\t\t\t<\/p>\n\t\t<\/div>\n\t<\/li>\n\t<li> \n\t\t<h2><u><strong>24. August 2019:<\/strong> 2. Weinabend<\/u><\/h2>\n\t\t<div>Am 24. August findet bei gutem Wetter der 2. Weinabend mit M\u00f6glichkeit zum Schwimmen im Freibad statt. Wir freuen uns auf Ihren Besuch!<br>\n\t\t\t<figure>\n\t\t\t\t<figure><a href=\"https:\/\/www.foerderverein-freibad-hollfeld.de\/wp-content\/uploads\/2019\/07\/20190803_Weinfest.jpg\"><img loading=\"lazy\" decoding=\"async\" width=\"246\" height=\"300\" class=\"alignnone wp-image-334 size-medium\" src=\"https:\/\/www.foerderverein-freibad-hollfeld.de\/wp-content\/uploads\/2019\/07\/20190803_Weinfest-246x300.jpg\" alt=\"\" srcset=\"https:\/\/www.foerderverein-freibad-hollfeld.de\/wp-content\/uploads\/2019\/07\/20190803_Weinfest-246x300.jpg 246w, https:\/\/www.foerderverein-freibad-hollfeld.de\/wp-content\/uploads\/2019\/07\/20190803_Weinfest.jpg 491w\" sizes=\"auto, (max-width: 246px) 100vw, 246px\" \/><\/a>\n\t\t\t\t<\/figure>\n\t\t\t<\/figure>\n\t\t<\/div>\n\t<\/li>\n\t<li><h2><u><strong>20. Juli 2019:<\/strong> 17. Hollfelder Triathlon<\/u><\/h2>\n\t\t<div>Der 17. Hollfelder Triathlon mit anschlie\u00dfendem Schwimmbadfest findet am Samstag, den 20.Juli statt.<br>\n\t\t\t<a rel=\"noopener noreferrer\" href=\"https:\/\/www.foerderverein-freibad-hollfeld.de\/wp-content\/uploads\/2018\/08\/20180811_Weinfest.jpg\" target=\"_blank\"><br><\/a>\n\t\t\t<figure>\n\t\t\t\t<figure><a rel=\"noopener noreferrer\" href=\"https:\/\/www.foerderverein-freibad-hollfeld.de\/wp-content\/uploads\/2019\/07\/20190720_Triathlon.jpg\" target=\"_blank\"><img loading=\"lazy\" decoding=\"async\" width=\"212\" height=\"300\" class=\"alignnone wp-image-335 size-medium\" src=\"https:\/\/www.foerderverein-freibad-hollfeld.de\/wp-content\/uploads\/2019\/07\/20190720_Triathlon-212x300.jpg\" alt=\"\" srcset=\"https:\/\/www.foerderverein-freibad-hollfeld.de\/wp-content\/uploads\/2019\/07\/20190720_Triathlon-212x300.jpg 212w, https:\/\/www.foerderverein-freibad-hollfeld.de\/wp-content\/uploads\/2019\/07\/20190720_Triathlon-768x1085.jpg 768w, https:\/\/www.foerderverein-freibad-hollfeld.de\/wp-content\/uploads\/2019\/07\/20190720_Triathlon-725x1024.jpg 725w, https:\/\/www.foerderverein-freibad-hollfeld.de\/wp-content\/uploads\/2019\/07\/20190720_Triathlon.jpg 1665w\" sizes=\"auto, (max-width: 212px) 100vw, 212px\" \/><\/a>\n\t\t\t\t<\/figure>\n\t\t\t<\/figure>\n\t\t<\/div> \n\t<\/li>\n\t<li> <h2><u><strong>26. April 2019:<\/strong> Jahreshauptversammlung<\/u><\/h2>\n\t\t<div>Die Jahreshauptversammlung des F\u00f6rderverein Freibad Hollfeld findet am 26. April 2019 um 19:00 Uhr in der Gastst\u00e4tte zum Gerber statt.<br>\n\t\t\t<br>Der gew\u00e4hlte Vorstand:<br>\n1. Vorsitzender: Robert Sebald<br>\nstv. Vorsitzender: Johannes R\u00f6hm<br>\nSchatzmeisterin: Aloisia Brandl<br>\nSchriftf\u00fchrerin: Angelika Tzschoppe<br>\nBeisitzer: Silvia Fritsch, Tobias Ott, Martin Laaser<br>\n\n<a rel=\"noopener noreferrer\" href=\"\/\/www.foerderverein-freibad-hollfeld.de\/wp-content\/uploads\/2019\/05\/Vorstandschaft_2019_F\u00f6rderverein-Freibad-Hollfeld_HP.jpg\" target=\"_blank\"><br>\n\t\t<figure><figure><img decoding=\"async\" height=\"300\" class=\"size-medium wp-image-220\" src=\"https:\/\/www.foerderverein-freibad-hollfeld.de\/wp-content\/uploads\/2019\/05\/Vorstandschaft_2019_F\u00f6rderverein-Freibad-Hollfeld_HP.jpg\" alt=\"\"><\/figure><\/figure><br>\n\t\t<\/a>\n\n<a rel=\"noopener noreferrer\" href=\"https:\/\/www.foerderverein-freibad-hollfeld.de\/wp-content\/uploads\/2019\/05\/Bericht_Jahreshauptversammlung_F\u00f6rderverein_Freibad_2019.pdf\" target=\"_blank\">Hier<\/a> finden Sie das Protokoll.\n\t\t<\/div>\n\t<\/li>\n\t<li>\n\t\t<h1 style=\"text-align: center;\">2018<\/h1> \n\t<\/li>\n\t<li> <h2><u><strong>11. August 2018:<\/strong> Weinabend<\/u><\/h2>\n\t\t<div>Am 11. August findet bei gutem Wetter ein <strong>Weinabend<\/strong><br>mit M\u00f6glichkeit zum Schwimmen im Freibad statt.Wir freuen uns auf Ihren Besuch!&gt;<br>\n\t\t<a rel=\"noopener noreferrer\" href=\"https:\/\/www.foerderverein-freibad-hollfeld.de\/wp-content\/uploads\/2018\/08\/20180811_Weinfest.jpg\" target=\"_blank\"><br>\n\t\t<figure><figure><img loading=\"lazy\" decoding=\"async\" width=\"212\" height=\"300\" class=\"size-medium wp-image-220\" src=\"https:\/\/www.foerderverein-freibad-hollfeld.de\/wp-content\/uploads\/2018\/08\/20180811_Weinfest-212x300.jpg\" alt=\"\"><\/figure><\/figure><br>\n\t\t<\/a><br>\n\t\t<a href=\"https:\/\/www.foerderverein-freibad-hollfeld.de\/?page_id=19\">Bilder<\/a> |\n\t\t<\/div>\n\t<\/li>\n\t<li><h2><u><strong>21. Juli 2018:<\/strong> 16. Hollfelder Triathlon<\/u><\/h2>\n\t\t<p>Der 16. Hollfelder Triathlon mit anschlie\u00dfendem Schwimmbadfest findet am Sonntag den 21.Juli statt.<\/p>\n\t<\/li>\n\t<li> <h2><u><strong>11. Mai 2018:<\/strong> Saisoner\u00f6ffnung im H<sub>2<\/sub>O<\/u><\/h2> \n\t\t<p>Saisoner\u00f6ffnung im H<sub>2<\/sub>O &#8211; Eintritt frei!!\n\t\t<\/p>\n\t<\/li>\n\t<li> <h2><u><strong>20. April 2018:<\/strong>Jahreshauptversammlung<\/u><\/h2>\n\t\t<p>Die Jahreshauptversammlung fand am 20.April 2018 in der Gastst\u00e4tte zum Gerber statt.<br><a rel=\"noopener noreferrer\" href=\"https:\/\/www.foerderverein-freibad-hollfeld.de\/wp-content\/uploads\/2018\/05\/Bericht_Jahreshauptversammlung_F\u00f6rderverein_Freibad_2018.pdf\" target=\"_blank\">Hier<\/a> finden Sie das Protokoll.<\/p> <\/li><li><a href=\"https:\/\/www.foerderverein-freibad-hollfeld.de\/?page_id=340\">&#8230; \u00e4ltere Beitrage &#8230;<\/a>\n\t<\/li>\n\n<li>\n<h1 style=\"text-align: center;\">2016<\/h1>\n<\/li>\n<li>\n<h2><u><strong>24. Juli 2016:<\/strong> 14. Hollfelder Triathlon<\/u><\/h2>\n<p>Der 14. Hollfelder Triathlon findet am Sonntag den 24. Juli statt. Veranstaltungsbeginn ist um 09:00 Uhr am H<sub>2<\/sub>O. Zur Anmeldung geht es <a href=\"https:\/\/www.foerderverein-freibad-hollfeld.de\/wp-content\/uploads\/2016\/06\/anmeldung_triathlon_2016.pdf\" target=\"_blank\" rel=\"noopener noreferrer\">&gt;hier&lt;<\/a><\/p>\n<\/li>\n<li>\n<h2><u><strong>22. April 2016:<\/strong> Jahreshauptversammlung<\/u><\/h2>\n<p>Die Jahreshauptversammlung findet am 22.04.2016 um 19:00 Uhr in der Gastst\u00e4tte zum Gerber statt.<\/p>\n<\/li>\n<li>\n<h1 style=\"text-align: center;\">2015<\/h1>\n<\/li>\n<li>\n<h2><u><strong>9. Dezember 2015:<\/strong> Internetauftritt geht online<\/u><\/h2>\n<\/li>\n<li>\n<h2><u><strong>17. Oktober 2015<\/strong>: Bewirtung an der Fr\u00e4nkischen Schweiz Rallye 2015<\/u><\/h2>\n<p>Die Teilnehmer der Fr\u00e4nkischen Schweiz Rallye 2015 werden w\u00e4hrend der Wertungspr\u00fcfung &#8222;Mechaniker&#8220; durch den F\u00f6rderverein Freibad mit Kaffee und Kuchen versorgt.<\/p>\n<\/li>\n<li>\n<h2><u><strong>26. Juli 2015<\/strong>: Hollfelder Familien Triathlon<\/u><\/h2>\n<p>Zum 15. Jubil\u00e4um des Hollfelder Familientriathlon konnten ca. 150 Sportler begeistert werden.<br><a href=\"https:\/\/www.foerderverein-freibad-hollfeld.de\/?page_id=19\">Bilder<\/a> | <a href=\"http:\/\/www.tvo.de\/mediathek\/video\/sport-hollfeld-triathlon-ideal-fuer-einsteiger\/\" target=\"_blank\" rel=\"noopener noreferrer\">Der Triathlon auf TVO<\/a><\/p>\n<\/li>\n<li>\n<h2><u><strong>23. April 2015<\/strong>: Gr\u00fcndungsversammlung mit Wahl der 1. Vorstandschaft<\/u><\/h2>\n<p><a href=\"https:\/\/www.foerderverein-freibad-hollfeld.de\/wp-content\/uploads\/2015\/12\/vorstand.jpg\" target=\"_blank\" rel=\"noopener noreferrer\"><img loading=\"lazy\" decoding=\"async\" class=\"alignnone wp-image-220 size-large\" src=\"https:\/\/www.foerderverein-freibad-hollfeld.de\/wp-content\/uploads\/2015\/12\/vorstand.jpg\" alt=\"\" width=\"720\" height=\"1018\"><\/a><\/p>\n<\/li>\n<\/ul>\n","protected":false},"excerpt":{"rendered":"<p>2019 Neue Sponsoren-Mitglieder Wir freuen uns die Stadtwerke Hollfeld und die Raiffeisenbank Fr\u00e4nkische Schweiz eG als Sponsoren-Mitglieder f\u00fcr uns gewonnen zu haben.Vielen Dank! 14. September 2019: 1. Vereinsausflug Am Samstag, den 14.09. findet unser 1. Vereinsausflug f\u00fcr Mitglieder und Nichtmitglieder statt. Ziel ist das \u201eFr\u00e4nkische Seenland\u201c Bitte werben Sie f\u00fcr unsere Tagesfahrt bei Freunde und [&hellip;]<\/p>\n","protected":false},"author":1,"featured_media":0,"parent":0,"menu_order":0,"comment_status":"closed","ping_status":"closed","template":"","meta":{"footnotes":""},"class_list":["post-340","page","type-page","status-publish","hentry"],"_links":{"self":[{"href":"https:\/\/www.foerderverein-freibad-hollfeld.de\/index.php?rest_route=\/wp\/v2\/pages\/340","targetHints":{"allow":["GET"]}}],"collection":[{"href":"https:\/\/www.foerderverein-freibad-hollfeld.de\/index.php?rest_route=\/wp\/v2\/pages"}],"about":[{"href":"https:\/\/www.foerderverein-freibad-hollfeld.de\/index.php?rest_route=\/wp\/v2\/types\/page"}],"author":[{"embeddable":true,"href":"https:\/\/www.foerderverein-freibad-hollfeld.de\/index.php?rest_route=\/wp\/v2\/users\/1"}],"replies":[{"embeddable":true,"href":"https:\/\/www.foerderverein-freibad-hollfeld.de\/index.php?rest_route=%2Fwp%2Fv2%2Fcomments&post=340"}],"version-history":[{"count":5,"href":"https:\/\/www.foerderverein-freibad-hollfeld.de\/index.php?rest_route=\/wp\/v2\/pages\/340\/revisions"}],"predecessor-version":[{"id":512,"href":"https:\/\/www.foerderverein-freibad-hollfeld.de\/index.php?rest_route=\/wp\/v2\/pages\/340\/revisions\/512"}],"wp:attachment":[{"href":"https:\/\/www.foerderverein-freibad-hollfeld.de\/index.php?rest_route=%2Fwp%2Fv2%2Fmedia&parent=340"}],"curies":[{"name":"wp","href":"https:\/\/api.w.org\/{rel}","templated":true}]}}