{"id":21,"date":"2015-09-11T20:14:10","date_gmt":"2015-09-11T20:14:10","guid":{"rendered":"http:\/\/localhost\/wordpress\/?page_id=21"},"modified":"2024-03-24T09:14:17","modified_gmt":"2024-03-24T09:14:17","slug":"mitgliedwerden","status":"publish","type":"page","link":"https:\/\/www.foerderverein-freibad-hollfeld.de\/?page_id=21","title":{"rendered":"Mitglied werden"},"content":{"rendered":"<p style=\"text-align: center;\">Sie wollen Mitglied werden?<\/p>\n<p style=\"text-align: center;\">Bereits mit einem <strong>Jahresbeitrag<\/strong> von <strong>12\u20ac<\/strong> k\u00f6nnen Sie uns unterst\u00fctzen!<\/p>\n<p style=\"text-align: center;\">Sie sind verheiratet und\/oder haben Kinder? Sie m\u00f6chten sich f\u00fcr den Erhalt des Freibads mit Ihrer ganzen <strong>Familie<\/strong> engagieren??<br \/>\nMit einem <strong>Jahresbeitrag<\/strong> von <strong>20\u20ac<\/strong> ist auch das m\u00f6glich!<\/p>\n<p style=\"text-align: center;\"><strong><a href=\"https:\/\/www.foerderverein-freibad-hollfeld.de\/wp-content\/uploads\/2024\/03\/Aufnahmeantrag.pdf\" target=\"_blank\" rel=\"noopener noreferrer\">&gt;hier&lt;<\/a><\/strong> die Beitrittserkl\u00e4rung als PDF herunter und senden Sie ausgef\u00fcllt\u00a0an:<\/p>\n<address style=\"display: block; text-align: center;\">F\u00f6rderverein Freibad e.V.<br \/>\nMartin Laaser<\/address>\n<address style=\"display: block; text-align: center;\">Sch\u00f6nfelder Weg 24<br \/>\n96142 Hollfeld<\/address>\n","protected":false},"excerpt":{"rendered":"<p>Sie wollen Mitglied werden? Bereits mit einem Jahresbeitrag von 12\u20ac k\u00f6nnen Sie uns unterst\u00fctzen! Sie sind verheiratet und\/oder haben Kinder? Sie m\u00f6chten sich f\u00fcr den Erhalt des Freibads mit Ihrer ganzen Familie engagieren?? Mit einem Jahresbeitrag von 20\u20ac ist auch das m\u00f6glich! &gt;hier&lt; die Beitrittserkl\u00e4rung als PDF herunter und senden Sie ausgef\u00fcllt\u00a0an: F\u00f6rderverein Freibad e.V. [&hellip;]<\/p>\n","protected":false},"author":1,"featured_media":0,"parent":0,"menu_order":0,"comment_status":"closed","ping_status":"closed","template":"","meta":{"footnotes":""},"class_list":["post-21","page","type-page","status-publish","hentry"],"_links":{"self":[{"href":"https:\/\/www.foerderverein-freibad-hollfeld.de\/index.php?rest_route=\/wp\/v2\/pages\/21","targetHints":{"allow":["GET"]}}],"collection":[{"href":"https:\/\/www.foerderverein-freibad-hollfeld.de\/index.php?rest_route=\/wp\/v2\/pages"}],"about":[{"href":"https:\/\/www.foerderverein-freibad-hollfeld.de\/index.php?rest_route=\/wp\/v2\/types\/page"}],"author":[{"embeddable":true,"href":"https:\/\/www.foerderverein-freibad-hollfeld.de\/index.php?rest_route=\/wp\/v2\/users\/1"}],"replies":[{"embeddable":true,"href":"https:\/\/www.foerderverein-freibad-hollfeld.de\/index.php?rest_route=%2Fwp%2Fv2%2Fcomments&post=21"}],"version-history":[{"count":16,"href":"https:\/\/www.foerderverein-freibad-hollfeld.de\/index.php?rest_route=\/wp\/v2\/pages\/21\/revisions"}],"predecessor-version":[{"id":551,"href":"https:\/\/www.foerderverein-freibad-hollfeld.de\/index.php?rest_route=\/wp\/v2\/pages\/21\/revisions\/551"}],"wp:attachment":[{"href":"https:\/\/www.foerderverein-freibad-hollfeld.de\/index.php?rest_route=%2Fwp%2Fv2%2Fmedia&parent=21"}],"curies":[{"name":"wp","href":"https:\/\/api.w.org\/{rel}","templated":true}]}}