{"id":15,"date":"2015-09-11T20:13:08","date_gmt":"2015-09-11T20:13:08","guid":{"rendered":"http:\/\/localhost\/wordpress\/?page_id=15"},"modified":"2016-01-19T13:15:25","modified_gmt":"2016-01-19T13:15:25","slug":"unser-bad","status":"publish","type":"page","link":"https:\/\/www.foerderverein-freibad-hollfeld.de\/?page_id=15","title":{"rendered":"Unser Bad"},"content":{"rendered":"<p>Am Rande des Kainachtals gelegen, l\u00e4dt das Freibad zum Verweilen ein. Die Terrasse am Kiosk steht neben den Badeg\u00e4sten auch Wanderern und Spazierg\u00e4ngern zur Verf\u00fcgung.<\/p>\n<p><a href=\"https:\/\/www.foerderverein-freibad-hollfeld.de\/wp-content\/uploads\/2015\/12\/kiosk.jpg\"><img loading=\"lazy\" decoding=\"async\" class=\"size-full wp-image-249 aligncenter\" src=\"https:\/\/www.foerderverein-freibad-hollfeld.de\/wp-content\/uploads\/2015\/12\/kiosk.jpg\" alt=\"Kiosk\" width=\"782\" height=\"299\" \/><\/a><\/p>\n<p style=\"text-align: left;\">Das gro\u00dfz\u00fcgige Schwimmerbecken bietet mit seinen f\u00fcnf 33m Bahnen gen\u00fcgend Platz f\u00fcr sportliche Aktivit\u00e4ten.<\/p>\n<p><img loading=\"lazy\" decoding=\"async\" class=\"wp-image-238 aligncenter\" src=\"https:\/\/www.foerderverein-freibad-hollfeld.de\/wp-content\/uploads\/2015\/12\/schwimmer.jpg\" alt=\"Schwimmer\" width=\"575\" height=\"383\" \/><\/p>\n<p>&nbsp;<\/p>\n<hr \/>\n<h2>Details<\/h2>\n<table class=\"tableNoBorder\">\n<tbody>\n<!--tr>\n\n\n<td><strong>Gesamtfl\u00e4che: <\/strong><\/td>\n\n\n\n\n<td>xxx m\u00b2<\/td>\n\n\n<\/tr>\n\n\n\n\n<tr>\n\n\n<td><strong>Wasserfl\u00e4che: <\/strong><\/td>\n\n\n\n\n<td>xxx m\u00b2<\/td>\n\n\n<\/tr-->\n<tr>\n<td><strong>Badeareal: <\/strong><\/td>\n<td>33 Meter langes beheiztes Schwimmer- und Nichtschwimmerbecken, Kinderbecken, 5 Startbl\u00f6cke, 16m Hangrutsche, Liegewiese, Beach &#8211; Volleyball, Tischtennis, Spielplatz<\/td>\n<\/tr>\n<tr>\n<td><strong>Gastronomie: <\/strong><\/td>\n<td>Kiosk: Hei\u00dfe und kalte Getr\u00e4nke, Schnitzel, Pizza&#8230;<\/td>\n<\/tr>\n<\/tbody>\n<\/table>\n<hr \/>\n","protected":false},"excerpt":{"rendered":"<p>Am Rande des Kainachtals gelegen, l\u00e4dt das Freibad zum Verweilen ein. Die Terrasse am Kiosk steht neben den Badeg\u00e4sten auch Wanderern und Spazierg\u00e4ngern zur Verf\u00fcgung. Das gro\u00dfz\u00fcgige Schwimmerbecken bietet mit seinen f\u00fcnf 33m Bahnen gen\u00fcgend Platz f\u00fcr sportliche Aktivit\u00e4ten. &nbsp; Details Badeareal: 33 Meter langes beheiztes Schwimmer- und Nichtschwimmerbecken, Kinderbecken, 5 Startbl\u00f6cke, 16m Hangrutsche, Liegewiese, [&hellip;]<\/p>\n","protected":false},"author":1,"featured_media":0,"parent":0,"menu_order":0,"comment_status":"closed","ping_status":"closed","template":"","meta":{"footnotes":""},"class_list":["post-15","page","type-page","status-publish","hentry"],"_links":{"self":[{"href":"https:\/\/www.foerderverein-freibad-hollfeld.de\/index.php?rest_route=\/wp\/v2\/pages\/15","targetHints":{"allow":["GET"]}}],"collection":[{"href":"https:\/\/www.foerderverein-freibad-hollfeld.de\/index.php?rest_route=\/wp\/v2\/pages"}],"about":[{"href":"https:\/\/www.foerderverein-freibad-hollfeld.de\/index.php?rest_route=\/wp\/v2\/types\/page"}],"author":[{"embeddable":true,"href":"https:\/\/www.foerderverein-freibad-hollfeld.de\/index.php?rest_route=\/wp\/v2\/users\/1"}],"replies":[{"embeddable":true,"href":"https:\/\/www.foerderverein-freibad-hollfeld.de\/index.php?rest_route=%2Fwp%2Fv2%2Fcomments&post=15"}],"version-history":[{"count":3,"href":"https:\/\/www.foerderverein-freibad-hollfeld.de\/index.php?rest_route=\/wp\/v2\/pages\/15\/revisions"}],"predecessor-version":[{"id":161,"href":"https:\/\/www.foerderverein-freibad-hollfeld.de\/index.php?rest_route=\/wp\/v2\/pages\/15\/revisions\/161"}],"wp:attachment":[{"href":"https:\/\/www.foerderverein-freibad-hollfeld.de\/index.php?rest_route=%2Fwp%2Fv2%2Fmedia&parent=15"}],"curies":[{"name":"wp","href":"https:\/\/api.w.org\/{rel}","templated":true}]}}